{"id":7105,"date":"2022-08-03T15:59:28","date_gmt":"2022-08-03T15:59:28","guid":{"rendered":"https:\/\/themedemo.commercegurus.com\/shoptimizer-demodata\/?page_id=7105"},"modified":"2025-10-23T10:14:55","modified_gmt":"2025-10-23T08:14:55","slug":"home-2","status":"publish","type":"page","link":"https:\/\/nanovations.eu\/pl\/","title":{"rendered":"Home"},"content":{"rendered":"\t\t<div data-elementor-type=\"wp-page\" data-elementor-id=\"7105\" class=\"elementor elementor-7105\">\n\t\t\t\t\t\t<section class=\"elementor-section elementor-top-section elementor-element elementor-element-e0ee2b2 lazy-background elementor-section-content-middle elementor-section-height-min-height elementor-section-boxed elementor-section-height-default elementor-section-items-middle\" data-id=\"e0ee2b2\" data-element_type=\"section\" data-e-type=\"section\" data-settings=\"{&quot;background_background&quot;:&quot;classic&quot;}\">\n\t\t\t\t\t\t\t<div class=\"elementor-background-overlay\"><\/div>\n\t\t\t\t\t\t\t<div class=\"elementor-container elementor-column-gap-default\">\n\t\t\t\t\t<div class=\"elementor-column elementor-col-100 elementor-top-column elementor-element elementor-element-ee1ca99\" data-id=\"ee1ca99\" data-element_type=\"column\" data-e-type=\"column\">\n\t\t\t<div class=\"elementor-widget-wrap\">\n\t\t\t\t\t\t\t<\/div>\n\t\t<\/div>\n\t\t\t\t\t<\/div>\n\t\t<\/section>\n\t\t\t\t<section class=\"elementor-section elementor-top-section elementor-element elementor-element-6d1398fb elementor-section-boxed elementor-section-height-default elementor-section-height-default\" data-id=\"6d1398fb\" data-element_type=\"section\" data-e-type=\"section\">\n\t\t\t\t\t\t<div class=\"elementor-container elementor-column-gap-default\">\n\t\t\t\t\t<div class=\"elementor-column elementor-col-100 elementor-top-column elementor-element elementor-element-1139deab\" data-id=\"1139deab\" data-element_type=\"column\" data-e-type=\"column\" data-settings=\"{&quot;background_background&quot;:&quot;classic&quot;}\">\n\t\t\t<div class=\"elementor-widget-wrap elementor-element-populated\">\n\t\t\t\t\t\t<div class=\"elementor-element elementor-element-4ea7a2d0 elementor-widget elementor-widget-shortcode\" data-id=\"4ea7a2d0\" data-element_type=\"widget\" data-e-type=\"widget\" data-widget_type=\"shortcode.default\">\n\t\t\t\t\t\t\t<div class=\"elementor-shortcode\"><div class=\"woocommerce columns-3 \"><ul class=\"products columns-3\">\n<li class=\"product type-product post-942 status-publish first instock product_cat-primer has-post-thumbnail featured taxable shipping-taxable purchasable product-type-simple\">\n\t<a href=\"https:\/\/nanovations.eu\/pl\/produkt\/n-bond-glass-primer-1l-1000ml\/\" class=\"woocommerce-LoopProduct-link woocommerce-loop-product__link\"><div class=\"woocommerce-image__wrapper\"><a href=\"https:\/\/nanovations.eu\/pl\/produkt\/n-bond-glass-primer-1l-1000ml\/\" title=\"N-Bond primer do szk\u0142a 1L (1000ml)\" class=\"woocommerce-LoopProduct-link woocommerce-loop-product__link\"><div class=\"shoptimizer-plp-carousel-container\"><div class=\"shoptimizer-plp-image-wrapper\"><img fetchpriority=\"high\" decoding=\"async\" width=\"300\" height=\"300\" src=\"https:\/\/nanovations.eu\/wp-content\/uploads\/2018\/03\/1L_PRIMER-300x300.png\" class=\"attachment-woocommerce_thumbnail size-woocommerce_thumbnail\" alt=\"N-Bond primer do szk\u0142a 1L (1000ml)\" srcset=\"https:\/\/nanovations.eu\/wp-content\/uploads\/2018\/03\/1L_PRIMER-300x300.png 300w, https:\/\/nanovations.eu\/wp-content\/uploads\/2018\/03\/1L_PRIMER-150x150.png 150w, https:\/\/nanovations.eu\/wp-content\/uploads\/2018\/03\/1L_PRIMER-350x350.png 350w, https:\/\/nanovations.eu\/wp-content\/uploads\/2018\/03\/1L_PRIMER-100x100.png 100w, https:\/\/nanovations.eu\/wp-content\/uploads\/2018\/03\/1L_PRIMER.png 600w\" sizes=\"(max-width: 360px) 147px, (max-width: 300px) 100vw, 300px\" \/>\t\t\t\n\t<\/div><\/div><\/a><\/div><div class=\"woocommerce-card__header\">\t\t\t\t\t<p class=\"product__categories\"><a href=\"https:\/\/nanovations.eu\/pl\/kategoria-produktu\/primer\/\" rel=\"tag\">Primer<\/a><\/p>\t\t\t\t<div class=\"woocommerce-loop-product__title\"><a tabindex=\"0\" href=\"https:\/\/nanovations.eu\/pl\/produkt\/n-bond-glass-primer-1l-1000ml\/\" aria-label=\"N-Bond primer do szk\u0142a 1L (1000ml)\" class=\"woocommerce-LoopProduct-link woocommerce-loop-product__link\">N-Bond primer do szk\u0142a 1L (1000ml)<\/a><\/div><div class=\"cgkit-as-variation-price\">\n\t<span class=\"price\"><span class=\"woocommerce-Price-amount amount\"><bdi>499,00&nbsp;<span class=\"woocommerce-Price-currencySymbol\">&#122;&#322;<\/span><\/bdi><\/span><\/span>\n<\/div><\/a><a href=\"\/pl\/wp-json\/wp\/v2\/pages\/7105?add-to-cart=942\" aria-describedby=\"woocommerce_loop_add_to_cart_link_describedby_942\" data-quantity=\"1\" class=\"button product_type_simple add_to_cart_button ajax_add_to_cart\" data-product_id=\"942\" data-product_sku=\"PRIMER1\" aria-label=\"Dodaj do koszyka: &bdquo;N-Bond primer do szk\u0142a 1L (1000ml)&rdquo;\" rel=\"nofollow\" data-success_message=\"&ldquo;N-Bond primer do szk\u0142a 1L (1000ml)&rdquo; zosta\u0142 dodany do twojego koszyka\" role=\"button\">Dodaj do koszyka<\/a>\t<span id=\"woocommerce_loop_add_to_cart_link_describedby_942\" class=\"screen-reader-text\">\n\t\t\t<\/span>\n<\/div><\/li>\n<li class=\"product type-product post-940 status-publish instock product_cat-primer has-post-thumbnail featured taxable shipping-taxable purchasable product-type-simple\">\n\t<a href=\"https:\/\/nanovations.eu\/pl\/produkt\/n-bond-glass-primer-250ml\/\" class=\"woocommerce-LoopProduct-link woocommerce-loop-product__link\"><div class=\"woocommerce-image__wrapper\"><a href=\"https:\/\/nanovations.eu\/pl\/produkt\/n-bond-glass-primer-250ml\/\" title=\"N-Bond primer do szk\u0142a 250ml\" class=\"woocommerce-LoopProduct-link woocommerce-loop-product__link\"><div class=\"shoptimizer-plp-carousel-container\"><div class=\"shoptimizer-plp-image-wrapper\"><img decoding=\"async\" width=\"300\" height=\"300\" src=\"https:\/\/nanovations.eu\/wp-content\/uploads\/2018\/03\/250ml-1-300x300.jpeg\" class=\"attachment-woocommerce_thumbnail size-woocommerce_thumbnail\" alt=\"N-Bond primer do szk\u0142a 250ml\" srcset=\"https:\/\/nanovations.eu\/wp-content\/uploads\/2018\/03\/250ml-1-300x300.jpeg 300w, https:\/\/nanovations.eu\/wp-content\/uploads\/2018\/03\/250ml-1-1024x1024.jpeg 1024w, https:\/\/nanovations.eu\/wp-content\/uploads\/2018\/03\/250ml-1-150x150.jpeg 150w, https:\/\/nanovations.eu\/wp-content\/uploads\/2018\/03\/250ml-1-768x768.jpeg 768w, https:\/\/nanovations.eu\/wp-content\/uploads\/2018\/03\/250ml-1-990x990.jpeg 990w, https:\/\/nanovations.eu\/wp-content\/uploads\/2018\/03\/250ml-1-441x441.jpeg 441w, https:\/\/nanovations.eu\/wp-content\/uploads\/2018\/03\/250ml-1-100x100.jpeg 100w, https:\/\/nanovations.eu\/wp-content\/uploads\/2018\/03\/250ml-1-800x800.jpeg 800w, https:\/\/nanovations.eu\/wp-content\/uploads\/2018\/03\/250ml-1.jpeg 1184w\" sizes=\"(max-width: 360px) 147px, (max-width: 300px) 100vw, 300px\" \/>\t\t\t\n\t<\/div><\/div><\/a><\/div><div class=\"woocommerce-card__header\">\t\t\t\t\t<p class=\"product__categories\"><a href=\"https:\/\/nanovations.eu\/pl\/kategoria-produktu\/primer\/\" rel=\"tag\">Primer<\/a><\/p>\t\t\t\t<div class=\"woocommerce-loop-product__title\"><a tabindex=\"0\" href=\"https:\/\/nanovations.eu\/pl\/produkt\/n-bond-glass-primer-250ml\/\" aria-label=\"N-Bond primer do szk\u0142a 250ml\" class=\"woocommerce-LoopProduct-link woocommerce-loop-product__link\">N-Bond primer do szk\u0142a 250ml<\/a><\/div><div class=\"cgkit-as-variation-price\">\n\t<span class=\"price\"><span class=\"woocommerce-Price-amount amount\"><bdi>146,00&nbsp;<span class=\"woocommerce-Price-currencySymbol\">&#122;&#322;<\/span><\/bdi><\/span><\/span>\n<\/div><\/a><a href=\"\/pl\/wp-json\/wp\/v2\/pages\/7105?add-to-cart=940\" aria-describedby=\"woocommerce_loop_add_to_cart_link_describedby_940\" data-quantity=\"1\" class=\"button product_type_simple add_to_cart_button ajax_add_to_cart\" data-product_id=\"940\" data-product_sku=\"PRIMER250ML\" aria-label=\"Dodaj do koszyka: &bdquo;N-Bond primer do szk\u0142a 250ml&rdquo;\" rel=\"nofollow\" data-success_message=\"&ldquo;N-Bond primer do szk\u0142a 250ml&rdquo; zosta\u0142 dodany do twojego koszyka\" role=\"button\">Dodaj do koszyka<\/a>\t<span id=\"woocommerce_loop_add_to_cart_link_describedby_940\" class=\"screen-reader-text\">\n\t\t\t<\/span>\n<\/div><\/li>\n<li class=\"product type-product post-7517 status-publish last instock product_cat-primer has-post-thumbnail taxable shipping-taxable purchasable product-type-simple\">\n\t<a href=\"https:\/\/nanovations.eu\/pl\/produkt\/n-bond-primer-do-druku-uv-chusteczka-2\/\" class=\"woocommerce-LoopProduct-link woocommerce-loop-product__link\"><div class=\"woocommerce-image__wrapper\"><a href=\"https:\/\/nanovations.eu\/pl\/produkt\/n-bond-primer-do-druku-uv-chusteczka-2\/\" title=\"N-Bond Primer do druku UV chusteczka\" class=\"woocommerce-LoopProduct-link woocommerce-loop-product__link\"><div class=\"shoptimizer-plp-carousel-container\"><div class=\"shoptimizer-plp-image-wrapper\"><img decoding=\"async\" width=\"300\" height=\"300\" src=\"https:\/\/nanovations.eu\/wp-content\/uploads\/2018\/03\/saszetki_primer-300x300.png\" class=\"attachment-woocommerce_thumbnail size-woocommerce_thumbnail\" alt=\"N-Bond Primer do druku UV chusteczka\" srcset=\"https:\/\/nanovations.eu\/wp-content\/uploads\/2018\/03\/saszetki_primer-300x300.png 300w, https:\/\/nanovations.eu\/wp-content\/uploads\/2018\/03\/saszetki_primer-150x150.png 150w, https:\/\/nanovations.eu\/wp-content\/uploads\/2018\/03\/saszetki_primer-350x350.png 350w, https:\/\/nanovations.eu\/wp-content\/uploads\/2018\/03\/saszetki_primer-100x100.png 100w, https:\/\/nanovations.eu\/wp-content\/uploads\/2018\/03\/saszetki_primer.png 600w\" sizes=\"(max-width: 360px) 147px, (max-width: 300px) 100vw, 300px\" \/>\t\t\t\n\t<\/div><\/div><\/a><\/div><div class=\"woocommerce-card__header\">\t\t\t\t\t<p class=\"product__categories\"><a href=\"https:\/\/nanovations.eu\/pl\/kategoria-produktu\/primer\/\" rel=\"tag\">Primer<\/a><\/p>\t\t\t\t<div class=\"woocommerce-loop-product__title\"><a tabindex=\"0\" href=\"https:\/\/nanovations.eu\/pl\/produkt\/n-bond-primer-do-druku-uv-chusteczka-2\/\" aria-label=\"N-Bond Primer do druku UV chusteczka\" class=\"woocommerce-LoopProduct-link woocommerce-loop-product__link\">N-Bond Primer do druku UV chusteczka<\/a><\/div><div class=\"cgkit-as-variation-price\">\n\t<span class=\"price\"><span class=\"woocommerce-Price-amount amount\"><bdi>9,90&nbsp;<span class=\"woocommerce-Price-currencySymbol\">&#122;&#322;<\/span><\/bdi><\/span><\/span>\n<\/div><\/a><a href=\"\/pl\/wp-json\/wp\/v2\/pages\/7105?add-to-cart=7517\" aria-describedby=\"woocommerce_loop_add_to_cart_link_describedby_7517\" data-quantity=\"1\" class=\"button product_type_simple add_to_cart_button ajax_add_to_cart\" data-product_id=\"7517\" data-product_sku=\"PIRMERS\" aria-label=\"Dodaj do koszyka: &bdquo;N-Bond Primer do druku UV chusteczka&rdquo;\" rel=\"nofollow\" data-success_message=\"&ldquo;N-Bond Primer do druku UV chusteczka&rdquo; zosta\u0142 dodany do twojego koszyka\" role=\"button\">Dodaj do koszyka<\/a>\t<span id=\"woocommerce_loop_add_to_cart_link_describedby_7517\" class=\"screen-reader-text\">\n\t\t\t<\/span>\n<\/div><\/li>\n<\/ul>\n<\/div><\/div>\n\t\t\t\t\t\t<\/div>\n\t\t\t\t<div class=\"elementor-element elementor-element-71cd800e elementor-widget elementor-widget-heading\" data-id=\"71cd800e\" data-element_type=\"widget\" data-e-type=\"widget\" data-widget_type=\"heading.default\">\n\t\t\t\t\t<h2 class=\"elementor-heading-title elementor-size-default\">Dlaczego wybra\u0107 nasz primer N-Bond?<\/h2>\t\t\t\t<\/div>\n\t\t\t\t\t<\/div>\n\t\t<\/div>\n\t\t\t\t\t<\/div>\n\t\t<\/section>\n\t\t\t\t<section class=\"elementor-section elementor-top-section elementor-element elementor-element-1a818c77 elementor-section-content-middle elementor-reverse-mobile elementor-section-boxed elementor-section-height-default elementor-section-height-default\" data-id=\"1a818c77\" data-element_type=\"section\" data-e-type=\"section\">\n\t\t\t\t\t\t<div class=\"elementor-container elementor-column-gap-extended\">\n\t\t\t\t\t<div class=\"elementor-column elementor-col-50 elementor-top-column elementor-element elementor-element-237d6a46 elementor-invisible\" data-id=\"237d6a46\" data-element_type=\"column\" data-e-type=\"column\" data-settings=\"{&quot;animation&quot;:&quot;fadeIn&quot;}\">\n\t\t\t<div class=\"elementor-widget-wrap elementor-element-populated\">\n\t\t\t\t\t\t<div class=\"elementor-element elementor-element-7183f3b4 elementor-widget elementor-widget-text-editor\" data-id=\"7183f3b4\" data-element_type=\"widget\" data-e-type=\"widget\" data-widget_type=\"text-editor.default\">\n\t\t\t\t\t\t\t\t\t<p class=\"whitespace-normal break-words\">N-Bond to primer inkjetowy nowej generacji, kt\u00f3ry chemicznie reaguje z powierzchni\u0105 szk\u0142a czy ceramiki, tworz\u0105c molekularne punkty wi\u0105zania zapewniaj\u0105ce trwa\u0142\u0105 przyczepno\u015b\u0107 farb organicznych.<\/p><p class=\"whitespace-normal break-words\">Dzi\u0119ki wyj\u0105tkowo szybkiemu czasowi schni\u0119cia, mo\u017cesz rozpocz\u0105\u0107 drukowanie ju\u017c po 5-10 minutach od aplikacji, co znacznie przyspiesza proces produkcyjny.<\/p><p class=\"whitespace-normal break-words\">Nasz primer jest kompatybilny z wi\u0119kszo\u015bci\u0105 standardowych farb UV i sprawdza si\u0119 na r\u00f3\u017cnych powierzchniach &#8211; szkle, akrylu, pleksi, ceramice oraz wybranych metalach.<\/p><p class=\"whitespace-normal break-words\">Prawdziwie nanoskalowa grubo\u015b\u0107 pow\u0142oki oznacza, \u017ce do pokrycia jednego metra kwadratowego potrzeba zaledwie minimalnej ilo\u015bci N-Bond, co czyni go najbardziej ekonomiczn\u0105 opcj\u0105 na rynku.<\/p><p class=\"whitespace-normal break-words\">Skuteczno\u015b\u0107 i jako\u015b\u0107 naszego produktu zosta\u0142a potwierdzona w testach z wiod\u0105cymi firmami jak Canon Production Printing, Roland czy Agfa, a obecnie Nanovations jest liderem rynkowym z primerem zastosowanym na ponad 12 milionach metr\u00f3w kwadratowych powierzchni.<\/p>\t\t\t\t\t\t\t\t<\/div>\n\t\t\t\t\t<\/div>\n\t\t<\/div>\n\t\t\t\t<div class=\"elementor-column elementor-col-50 elementor-top-column elementor-element elementor-element-7d7d1a0e elementor-invisible\" data-id=\"7d7d1a0e\" data-element_type=\"column\" data-e-type=\"column\" data-settings=\"{&quot;animation&quot;:&quot;fadeIn&quot;,&quot;animation_delay&quot;:200}\">\n\t\t\t<div class=\"elementor-widget-wrap elementor-element-populated\">\n\t\t\t\t\t\t<div class=\"elementor-element elementor-element-63fd4532 image-border elementor-widget elementor-widget-image\" data-id=\"63fd4532\" data-element_type=\"widget\" data-e-type=\"widget\" data-widget_type=\"image.default\">\n\t\t\t\t\t\t\t\t\t\t\t\t\t\t\t<img loading=\"lazy\" decoding=\"async\" width=\"640\" height=\"427\" src=\"https:\/\/nanovations.eu\/wp-content\/uploads\/2025\/07\/Crosscut-4-FILEminimizer-1.jpg\" class=\"attachment-large size-large wp-image-7309\" alt=\"\" srcset=\"https:\/\/nanovations.eu\/wp-content\/uploads\/2025\/07\/Crosscut-4-FILEminimizer-1.jpg 640w, https:\/\/nanovations.eu\/wp-content\/uploads\/2025\/07\/Crosscut-4-FILEminimizer-1-300x200.jpg 300w, https:\/\/nanovations.eu\/wp-content\/uploads\/2025\/07\/Crosscut-4-FILEminimizer-1-441x294.jpg 441w, https:\/\/nanovations.eu\/wp-content\/uploads\/2025\/07\/Crosscut-4-FILEminimizer-1-150x100.jpg 150w\" sizes=\"(max-width: 640px) 100vw, 640px\" \/>\t\t\t\t\t\t\t\t\t\t\t\t\t\t\t<\/div>\n\t\t\t\t\t<\/div>\n\t\t<\/div>\n\t\t\t\t\t<\/div>\n\t\t<\/section>\n\t\t\t\t<\/div>\n\t\t","protected":false},"excerpt":{"rendered":"<p>Dlaczego wybra\u0107 nasz primer N-Bond? N-Bond to primer inkjetowy nowej generacji, kt\u00f3ry chemicznie reaguje z powierzchni\u0105 szk\u0142a czy ceramiki, tworz\u0105c molekularne punkty wi\u0105zania zapewniaj\u0105ce trwa\u0142\u0105 przyczepno\u015b\u0107 farb organicznych. Dzi\u0119ki wyj\u0105tkowo szybkiemu czasowi schni\u0119cia, mo\u017cesz rozpocz\u0105\u0107 drukowanie ju\u017c po 5-10 minutach od aplikacji, co znacznie przyspiesza proces produkcyjny. Nasz primer jest kompatybilny z wi\u0119kszo\u015bci\u0105 standardowych farb [&hellip;]<\/p>\n","protected":false},"author":1,"featured_media":0,"parent":0,"menu_order":0,"comment_status":"closed","ping_status":"closed","template":"template-canvas.php","meta":{"footnotes":""},"class_list":["post-7105","page","type-page","status-publish","hentry"],"_links":{"self":[{"href":"https:\/\/nanovations.eu\/pl\/wp-json\/wp\/v2\/pages\/7105","targetHints":{"allow":["GET"]}}],"collection":[{"href":"https:\/\/nanovations.eu\/pl\/wp-json\/wp\/v2\/pages"}],"about":[{"href":"https:\/\/nanovations.eu\/pl\/wp-json\/wp\/v2\/types\/page"}],"author":[{"embeddable":true,"href":"https:\/\/nanovations.eu\/pl\/wp-json\/wp\/v2\/users\/1"}],"replies":[{"embeddable":true,"href":"https:\/\/nanovations.eu\/pl\/wp-json\/wp\/v2\/comments?post=7105"}],"version-history":[{"count":0,"href":"https:\/\/nanovations.eu\/pl\/wp-json\/wp\/v2\/pages\/7105\/revisions"}],"wp:attachment":[{"href":"https:\/\/nanovations.eu\/pl\/wp-json\/wp\/v2\/media?parent=7105"}],"curies":[{"name":"wp","href":"https:\/\/api.w.org\/{rel}","templated":true}]}}