{"id":65,"date":"2018-03-14T15:29:30","date_gmt":"2018-03-14T14:29:30","guid":{"rendered":"https:\/\/nanovations.eu\/?post_type=product&#038;p=65"},"modified":"2025-09-23T13:22:03","modified_gmt":"2025-09-23T11:22:03","slug":"n-bond-primer-do-druku-uv-30ml","status":"publish","type":"product","link":"https:\/\/nanovations.eu\/pl\/produkt\/n-bond-primer-do-druku-uv-30ml\/","title":{"rendered":"N-Bond Primer do druku UV 250ml"},"content":{"rendered":"<p><strong>Nanovations N-Bond Primer do druku UV do szk\u0142a i ceramiki<br \/>\n<\/strong><\/p>\n<p>Doskona\u0142a, najnowsza technologia primera do druku UV, opracowana w nanotechnologii, zwi\u0119kszaj\u0105ca przyczepno\u015b\u0107 tuszu na powierzchniach szklanych i ceramicznych.<\/p>\n<p>Nanovations N-Bond UV Primer umo\u017cliwiaj\u0105ca tuszom do drukarek atramentowych UV, uzyskanie lepszej przyczepno\u015bci na trudnych powierzchniach, takich jak szk\u0142o i ceramika, ni\u017c tradycyjne primery. Zastosowanie Primera Nanovations N-Bond do poprawy przyczepno\u015bci tusz\u00f3w organicznych i farb do szk\u0142a i metalu, jest istn\u0105 innowacj\u0105 dla druku atramentowego utwardzanego UV.<\/p>\n<p>Technologia Nanovations N-Bond jest znacz\u0105co cie\u0144sza od tradycyjnych primer\u00f3w, wykonana jest w skali nanometrycznej, rezultatem jest niewidoczna i bardzo wydajna technologia wzmacniania przyczepno\u015bci. N-Bond szybko schnie i nadruk mo\u017ce by\u0107 nanoszony w ci\u0105gu 10 &#8211; 15 minut, a\u017c do 24 godzin po zastosowaniu. Na hartowanym szkle i ceramice, zaleca si\u0119 przed\u0142u\u017cy\u0107 czas utwardzania. Prostym sposobem oceny najlepszego czasu utwardzania dla atramentu, jest test kreskowanie po 10 minutach, 30 minutach, 12 godzinach i 24 godzinach. Aby uzyska\u0107 szczeg\u00f3\u0142owe informacje &#8211; patrz arkusz danych technicznych.<\/p>\n<p>W przeciwie\u0144stwie do konwencjonalnych technologii Nnovations \u00a0reaguje ze szk\u0142em i formuje molekularne punkty wi\u0105\u017c\u0105ce, dla farb organicznych. N-Bond mo\u017ce by\u0107 stosowany z dowoln\u0105 drukark\u0105\u00a0UV do druku na szkle i ceramice. Primer mo\u017ce by\u0107 w prosty spos\u00f3b stosowany\u00a0w procesie\u00a0przygotowania powierzchni do druku. Primer\u00a0zosta\u0142 opracowany we wsp\u00f3\u0142pracy z wiod\u0105cymi dostawcami produkt\u00f3w przemys\u0142u szklarskiego i poligraficznego.<\/p>\n<p>&nbsp;<\/p>\n<p><strong>Pojemno\u015bci:<\/strong> 250ml<\/p>\n<p><strong>W\u0142a\u015bciwo\u015bci:<\/strong><\/p>\n<p>&#8211; Opracowany specjalnie dla druku UV<br \/>\n&#8211; Ultra-cienka ko\u0144cowa warstwa w skali nano<br \/>\n&#8211; Utwardza si\u0119 w temperaturze pokojowej bez UV<br \/>\n&#8211; Szybkie i trwa\u0142e wi\u0105zanie z pod\u0142o\u017cem<br \/>\n&#8211; Technologia jednowarstwowa<br \/>\n&#8211; Zmniejszone zapotrzebowanie na \u015brodki chemiczne do przygotowania szk\u0142a<br \/>\n&#8211; Bardzo wysoka wydajno\u015b\u0107 na poziomie 320 m2 \/ 1litr.<br \/>\n&#8211; Prosty w aplikacji<br \/>\n&#8211; Bezbarwny<br \/>\n&#8211; Bez smug, krystalicznie czyste wyko\u0144czenie<\/p>\n<p><strong>Zastosowanie:<\/strong><br \/>\n&#8211; szk\u0142o<br \/>\n&#8211; ceramika szkliwiona<br \/>\n&#8211; powierzchnie metalowe<\/p>\n<p><center><iframe src=\"https:\/\/www.youtube.com\/embed\/w20qeKoxlUw\" width=\"1000\" height=\"550\" frameborder=\"0\" allowfullscreen=\"allowfullscreen\"><\/iframe><\/center>&nbsp;<\/p>\n<p>&nbsp;<\/p>\n","protected":false},"excerpt":{"rendered":"<p>Nanovations N-Bond UV Primer to najnowsza technologia, umo\u017cliwiaj\u0105ca tuszom do drukarek atramentowych UV, uzyskanie lepszej przyczepno\u015bci na trudnych powierzchniach, takich jak szk\u0142o i\u00a0ceramika, ni\u017c tradycyjne primery.<\/p>\n","protected":false},"featured_media":7482,"comment_status":"closed","ping_status":"closed","template":"","meta":[],"product_brand":[],"product_cat":[15],"product_tag":[],"class_list":{"0":"post-65","1":"product","2":"type-product","3":"status-publish","4":"has-post-thumbnail","6":"product_cat-primer","8":"first","9":"instock","10":"featured","11":"taxable","12":"shipping-taxable","13":"purchasable","14":"product-type-variable","15":"has-default-attributes"},"_links":{"self":[{"href":"https:\/\/nanovations.eu\/pl\/wp-json\/wp\/v2\/product\/65","targetHints":{"allow":["GET"]}}],"collection":[{"href":"https:\/\/nanovations.eu\/pl\/wp-json\/wp\/v2\/product"}],"about":[{"href":"https:\/\/nanovations.eu\/pl\/wp-json\/wp\/v2\/types\/product"}],"replies":[{"embeddable":true,"href":"https:\/\/nanovations.eu\/pl\/wp-json\/wp\/v2\/comments?post=65"}],"wp:featuredmedia":[{"embeddable":true,"href":"https:\/\/nanovations.eu\/pl\/wp-json\/wp\/v2\/media\/7482"}],"wp:attachment":[{"href":"https:\/\/nanovations.eu\/pl\/wp-json\/wp\/v2\/media?parent=65"}],"wp:term":[{"taxonomy":"product_brand","embeddable":true,"href":"https:\/\/nanovations.eu\/pl\/wp-json\/wp\/v2\/product_brand?post=65"},{"taxonomy":"product_cat","embeddable":true,"href":"https:\/\/nanovations.eu\/pl\/wp-json\/wp\/v2\/product_cat?post=65"},{"taxonomy":"product_tag","embeddable":true,"href":"https:\/\/nanovations.eu\/pl\/wp-json\/wp\/v2\/product_tag?post=65"}],"curies":[{"name":"wp","href":"https:\/\/api.w.org\/{rel}","templated":true}]}}